{"id":6,"date":"2026-04-12T14:24:43","date_gmt":"2026-04-12T14:24:43","guid":{"rendered":"https:\/\/www.xn--rnneter-90a.de\/?page_id=6"},"modified":"2026-04-12T14:24:43","modified_gmt":"2026-04-12T14:24:43","slug":"wir-uber-uns","status":"publish","type":"page","link":"https:\/\/www.xn--rnneter-90a.de\/?page_id=6","title":{"rendered":"Wir \u00fcber uns"},"content":{"rendered":"\n<p class=\"wp-block-paragraph\"><strong>Es tut sich was im Dorf- Sch\u00fctzengruppe R\u00f6nneter wieder aktiv<\/strong><\/p>\n\n\n\n<p class=\"wp-block-paragraph\">Die St.Josef Bruderschaft Venn von 1884 e.V. besteht eigentlich aus acht aktiven Honschaften. Eigentlich, denn vor ein paar Jahren meldeten die letzten verbliebenen Bruderschaftler aus R\u00f6nneter die Honschaft schweren Herzens ruhend und l\u00f6sten die Gruppe mangels Personenanzahl auf.<\/p>\n\n\n\n<p class=\"wp-block-paragraph\">Ende 2018 dann fand sich eine Interessengemeinschaft aus einigen, teils langj\u00e4hrigen, Mitgliedern der St.Josef Bruderschaft zusammen mit dem Ziel der Honschaft neues Leben einzuhauchen. Auch in R\u00f6nneter sollte man wieder sagen k\u00f6nnen, \u201eet es wier Kirmes im D\u00f6rp\u201c.<\/p>\n\n\n\n<p class=\"wp-block-paragraph\">Nach l\u00e4ngerer Planungsphase und detaillierten Vorbereitungen konnte am 03.April mit der Neugr\u00fcndungsversammlung, die in der Gastst\u00e4tte Commes stattfand, der offizielle Startschuss erfolgen. Insgesamt 10 Bruderschaftler fanden sich ein, unterst\u00fctzt durch den Pr\u00e4sidenten, Vizepr\u00e4sidenten und Ehrenpr\u00e4sidenten der St.Josef Bruderschaft, um ein neues Kapitel in der Geschichte der Honschaft R\u00f6nneter aufzuschlagen. Es wurde ein neuer Vorstand gew\u00e4hlt, eine neue Satzung verabschiedet und noch vieles mehr an diesem Abend auf den Weg gebracht.<\/p>\n\n\n\n<p class=\"wp-block-paragraph\">Der Tradition verpflichtet wird auch die neue Sch\u00fctzengruppe als weithin sichtbares Zeichen das althergebrachte R\u00f6nneter Wappen behalten und unter anderem als \u00c4rmelwappen tragen, allerdings erg\u00e4nzt durch die r\u00f6mische Ziffer MMXIX f\u00fcr das Jahr 2019, um die Br\u00fccke zwischen der langj\u00e4hrigen Geschichte der Honschaft und dem Neubeginn zu schlagen.<\/p>\n\n\n\n<p class=\"wp-block-paragraph\">Ausgestattet mit viel Motivation und Enthusiasmus sind wir uns, als aktuell noch sehr kleine Gruppe, dennoch dar\u00fcber bewusst, dass noch viel Arbeit vor uns liegt und das Ziel, die Gruppe langfristig zu etablieren, einen gro\u00dfen (auch finanziellen) Kraftakt bedeutet.<\/p>\n\n\n\n<p class=\"wp-block-paragraph\">Umso mehr freuen wir uns \u00fcber jeden, der uns bei unserem Vorhaben unterst\u00fctzen m\u00f6chte.<\/p>\n\n\n\n<div class=\"wp-block-group is-nowrap is-layout-flex wp-container-core-group-is-layout-3a88641f wp-block-group-is-layout-flex\">\n<p class=\"wp-block-paragraph\">Wer also Interesse hat, als aktives Mitglied mitzumachen oder uns anderweitig unterst\u00fctzen m\u00f6chte, sei es als passives Mitglied oder auch F\u00f6rdermitglied, ist jederzeit herzlich willkommen.<\/p>\n<\/div>\n\n\n\n<p class=\"wp-block-paragraph\">Sprecht uns einfach an oder meldet Euch gerne unter&nbsp;<a href=\"mailto:info@r\u00f6nneter.de\"><u>info@r\u00f6nneter.de<\/u><\/a><\/p>\n\n\n\n<p class=\"wp-block-paragraph\">Wir freuen uns auf Euch.<\/p>\n\n\n\n<p class=\"wp-block-paragraph\">Weitere Informationen und Kontaktm\u00f6glichkeiten findet Ihr bei Interesse auf&nbsp;www.r\u00f6nneter.de&nbsp;<\/p>\n\n\n\n<p class=\"wp-block-paragraph\">Sch\u00fctzengruppe R\u00f6nneter<\/p>\n\n\n\n<p class=\"wp-block-paragraph\"><\/p>\n","protected":false},"excerpt":{"rendered":"<p>Es tut sich was im Dorf- Sch\u00fctzengruppe R\u00f6nneter wieder aktiv Die St.Josef Bruderschaft Venn von 1884 e.V. besteht eigentlich aus acht aktiven Honschaften. Eigentlich, denn vor ein paar Jahren meldeten die letzten verbliebenen Bruderschaftler aus R\u00f6nneter die Honschaft schweren Herzens ruhend und l\u00f6sten die Gruppe mangels Personenanzahl auf. Ende 2018 dann fand sich eine Interessengemeinschaft [&hellip;]<\/p>\n","protected":false},"author":1,"featured_media":0,"parent":0,"menu_order":0,"comment_status":"closed","ping_status":"closed","template":"","meta":{"footnotes":""},"class_list":["post-6","page","type-page","status-publish","hentry"],"_links":{"self":[{"href":"https:\/\/www.xn--rnneter-90a.de\/index.php?rest_route=\/wp\/v2\/pages\/6","targetHints":{"allow":["GET"]}}],"collection":[{"href":"https:\/\/www.xn--rnneter-90a.de\/index.php?rest_route=\/wp\/v2\/pages"}],"about":[{"href":"https:\/\/www.xn--rnneter-90a.de\/index.php?rest_route=\/wp\/v2\/types\/page"}],"author":[{"embeddable":true,"href":"https:\/\/www.xn--rnneter-90a.de\/index.php?rest_route=\/wp\/v2\/users\/1"}],"replies":[{"embeddable":true,"href":"https:\/\/www.xn--rnneter-90a.de\/index.php?rest_route=%2Fwp%2Fv2%2Fcomments&post=6"}],"version-history":[{"count":1,"href":"https:\/\/www.xn--rnneter-90a.de\/index.php?rest_route=\/wp\/v2\/pages\/6\/revisions"}],"predecessor-version":[{"id":7,"href":"https:\/\/www.xn--rnneter-90a.de\/index.php?rest_route=\/wp\/v2\/pages\/6\/revisions\/7"}],"wp:attachment":[{"href":"https:\/\/www.xn--rnneter-90a.de\/index.php?rest_route=%2Fwp%2Fv2%2Fmedia&parent=6"}],"curies":[{"name":"wp","href":"https:\/\/api.w.org\/{rel}","templated":true}]}}